{"id":261,"date":"2015-08-15T22:43:28","date_gmt":"2015-08-15T22:43:28","guid":{"rendered":"http:\/\/dalmacija-klima.com\/?page_id=261"},"modified":"2025-03-26T15:16:12","modified_gmt":"2025-03-26T14:16:12","slug":"%d1%81%d0%b5%d1%80%d0%b2%d0%b8%d1%81%d1%8b","status":"publish","type":"page","link":"https:\/\/dalmacija-klima.com\/ru\/%d1%81%d0%b5%d1%80%d0%b2%d0%b8%d1%81%d1%8b\/","title":{"rendered":"\u0421\u0435\u0440\u0432\u0438\u0441\u044b"},"content":{"rendered":"<div class=\"wpb-content-wrapper\"><p>[vc_row margin_top=&#187;0&#8243; margin_bottom=&#187;0&#8243; padding_left=&#187;0&#8243; padding_right=&#187;0&#8243; animation=&#187;&#187; type=&#187;&#187; bg_color=&#187;&#187; bg_position=&#187;top&#187; bg_repeat=&#187;no-repeat&#187; bg_cover=&#187;false&#187; bg_attachment=&#187;false&#187; padding_top=&#187;0&#8243; padding_bottom=&#187;0&#8243; enable_parallax=&#187;&#187; parallax_speed=&#187;0.1&#8243; bg_video_src_mp4=&#187;&#187; bg_video_src_ogv=&#187;&#187; bg_video_src_webm=&#187;&#187;][vc_column animation=&#187;&#187;][vc_column_text]<strong>\u0423\u0441\u043b\u0443\u0433\u0438 \u0434\u043b\u044f \u043f\u0440\u043e\u043c\u044b\u0448\u043b\u0435\u043d\u043d\u044b\u0445 \u043f\u0440\u0435\u0434\u043f\u0440\u0438\u044f\u0442\u0438\u0439 (\u043d\u0435\u0444\u0442\u0435\u0445\u0438\u043c\u0438\u0447\u0435\u0441\u043a\u0438\u0435 \u0437\u0430\u0432\u043e\u0434\u044b, \u0441\u0430\u0445\u0430\u0440\u043d\u044b\u0435 \u0437\u0430\u0432\u043e\u0434\u044b, \u0446\u0435\u043c\u0435\u043d\u0442\u043d\u044b\u0435 \u0437\u0430\u0432\u043e\u0434\u044b, \u043c\u0435\u0442\u0430\u043b\u043b\u0443\u0440\u0433\u0438\u0447\u0435\u0441\u043a\u0438\u0435 \u0437\u0430\u0432\u043e\u0434\u044b, \u0438 \u043f\u043e\u0434\u043e\u0431\u043d\u044b\u0435.)<\/strong><br \/>\n\u0414\u043b\u044f \u043a\u043b\u0438\u0435\u043d\u0442\u043e\u0432 \u0438\u0437 \u043f\u0435\u0440\u0435\u0440\u0430\u0431\u0430\u0442\u044b\u0432\u0430\u044e\u0449\u0435\u0439 \u043f\u0440\u043e\u043c\u044b\u0448\u043b\u0435\u043d\u043d\u043e\u0441\u0442\u0438 \u0434\u0435\u043b\u0430\u0435\u043c:<\/p>\n<ul>\n<li>\u0410\u043d\u0430\u043b\u0438\u0437 \u043d\u0435\u0434\u043e\u0441\u0442\u0430\u0442\u043a\u043e\u0432 (\u00abgap analysis\u00bb) \u044d\u043d\u0435\u0440\u0433\u043e\u044d\u0444\u0444\u0435\u043a\u0442\u0438\u0432\u043d\u043e\u0441\u0442\u0438<br \/>\n,<\/li>\n<li>\u043c\u043e\u0434\u0435\u043b\u0438\u0440\u043e\u0432\u0430\u043d\u0438\u0435 \u0441\u0438\u0441\u0442\u0435\u043c\u044b \u0432\u043e\u0434\u044f\u043d\u043e\u0439 \u043f\u0430\u0440 \u0438 \u0442\u0435\u043f\u043b\u043e<br \/>\n,<\/li>\n<li>\u043f\u043e\u0434\u0440\u043e\u0431\u043d\u044b\u0439 \u043e\u0441\u043c\u043e\u0442\u0440 \u043f\u0440\u043e\u0446\u0435\u0441\u0441\u043e\u0432 \u043f\u0440\u043e\u0438\u0437\u0432\u043e\u0434\u0441\u0442\u0432\u0430 \u0441 \u0446\u0435\u043b\u044c\u044e \u0440\u0430\u0441\u0441\u043c\u043e\u0442\u0440\u0435\u043d\u0438\u044f \u0432\u043e\u0437\u043c\u043e\u0436\u043d\u043e\u0439 \u044d\u043a\u043e\u043d\u043e\u043c\u0438\u0438,<\/li>\n<li>\u0440\u0430\u0437\u0440\u0430\u0431\u043e\u0442\u043a\u0430 \u043a\u043e\u043d\u0446\u0435\u043f\u0442\u0443\u0430\u043b\u044c\u043d\u043e\u0433\u043e \u043f\u0440\u043e\u0435\u043a\u0442\u0438\u0440\u043e\u0432\u0430\u043d\u0438\u044f \u0438 \u0438\u0445 \u043f\u043e\u0442\u0432\u0435\u0440\u0436\u0434\u0435\u043d\u0438\u0439 \u0441 \u043e\u0442\u0432\u0435\u0442\u0441\u0442\u0432\u0435\u043d\u043d\u044b\u043c\u0438 \u043b\u0438\u0446\u0430\u043c\u0438,<\/li>\n<li>\u0440\u0430\u0437\u0440\u0430\u0431\u043e\u0442\u043a\u0430 \u043a\u043e\u043d\u0446\u0435\u043f\u0442\u0443\u0430\u043b\u044c\u043d\u043e\u0433\u043e \u043f\u0440\u043e\u0435\u043a\u0442\u0438\u0440\u043e\u0432\u0430\u043d\u0438\u044f \u043d\u0430 \u043e\u0441\u043d\u043e\u0432\u0435 \u0440\u0435\u043a\u043e\u043c\u0435\u043d\u0434\u043e\u0432\u0430\u043d\u043d\u044b\u0445 \u0440\u0435\u0448\u0435\u043d\u0438\u0439<br \/>\n,<\/li>\n<li>\u0440\u0430\u0441\u0447\u0435\u0442 \u0437\u0430\u0442\u0440\u0430\u0442,\u044d\u043a\u043e\u043d\u043e\u043c\u0438\u0439 \u0438 \u0432\u0440\u0435\u043c\u0435\u043d\u0438 \u0432\u043e\u0437\u0432\u0440\u0430\u0442\u0430 \u043d\u0430 \u0438\u043d\u0432\u0435\u0441\u0442\u0438\u0446\u0438\u0438,<\/li>\n<li>\u0441\u043e\u0441\u0442\u0430\u0432\u043b\u0435\u043d\u0438\u0435 \u0434\u0438\u043d\u0430\u043c\u0438\u0447\u0435\u0441\u043a\u043e\u0433\u043e \u043f\u043b\u0430\u043d\u0430 \u0440\u0435\u0430\u043b\u0438\u0437\u0430\u0446\u0438\u0438 \u043f\u0440\u043e\u0435\u043a\u0442\u043e\u0432,<\/li>\n<li>\u0440\u0430\u0437\u0440\u0430\u0431\u043e\u0442\u043a\u0430 \u00abgap analysis\u00bb \u043f\u0440\u043e\u0435\u043a\u0442\u043e\u0432.<\/li>\n<\/ul>\n<p>\u041a\u0440\u043e\u043c\u0435 \u0442\u043e\u0433\u043e, \u043c\u044b \u043f\u0440\u0435\u0434\u043b\u0430\u0433\u0430\u0435\u043c \u0440\u0430\u0437\u043b\u0438\u0447\u043d\u044b\u0435 \u0440\u0435\u0448\u0435\u043d\u0438\u044f \u043f\u0435\u0440\u0435\u0434\u0430\u0447\u0438 \u0438 \u0438\u0441\u043f\u043e\u043b\u044c\u0437\u043e\u0432\u0430\u043d\u0438\u044f \u0442\u0435\u0445\u043d\u043e\u043b\u043e\u0433\u0438\u0447\u0435\u0441\u043a\u0438\u0445 \u0441\u0440\u0435\u0434 \u043d\u0430 \u0412\u0430\u0448 \u0437\u0430\u043f\u0440\u043e\u0441.[\/vc_column_text][\/vc_column][\/vc_row][vc_row margin_top=&#187;0&#8243; margin_bottom=&#187;0&#8243; padding_left=&#187;0&#8243; padding_right=&#187;0&#8243; animation=&#187;&#187; type=&#187;&#187; bg_color=&#187;&#187; bg_position=&#187;top&#187; bg_repeat=&#187;no-repeat&#187; bg_cover=&#187;false&#187; bg_attachment=&#187;false&#187; padding_top=&#187;0&#8243; padding_bottom=&#187;0&#8243; enable_parallax=&#187;&#187; parallax_speed=&#187;0.1&#8243; bg_video_src_mp4=&#187;&#187; bg_video_src_ogv=&#187;&#187; bg_video_src_webm=&#187;&#187;][vc_column animation=&#187;&#187;]<div class=\"ult-spacer spacer-69ee467eda8ee\" data-id=\"69ee467eda8ee\" data-height=\"40\" data-height-mobile=\"40\" data-height-tab=\"40\" data-height-tab-portrait=\"40\" data-height-mobile-landscape=\"40\" style=\"clear:both;display:block;\"><\/div>[\/vc_column][\/vc_row][vc_row margin_top=&#187;0&#8243; margin_bottom=&#187;0&#8243; padding_left=&#187;0&#8243; padding_right=&#187;0&#8243; animation=&#187;&#187; type=&#187;&#187; bg_color=&#187;&#187; bg_position=&#187;top&#187; bg_repeat=&#187;no-repeat&#187; bg_cover=&#187;false&#187; bg_attachment=&#187;false&#187; padding_top=&#187;0&#8243; padding_bottom=&#187;0&#8243; enable_parallax=&#187;&#187; parallax_speed=&#187;0.1&#8243; bg_video_src_mp4=&#187;&#187; bg_video_src_ogv=&#187;&#187; bg_video_src_webm=&#187;&#187;][vc_column animation=&#187;&#187;][vc_column_text]<\/p>\n<h2>\u00a0\u041f\u0430\u0440\u0442\u043d\u0435\u0440\u044b:<\/h2>\n<p>\u00abAerzen Adria\u00bb,<br \/>\n\u00abAlstom Hrvatska\u00bb,<br \/>\n\u00ab\u0110uro \u0110akovi\u0107 Kotlovi\u00bb,<br \/>\n\u00abKon\u010dar generatori i motori\u00bb[\/vc_column_text]<div class=\"ult-spacer spacer-69ee467eda90b\" data-id=\"69ee467eda90b\" data-height=\"40\" data-height-mobile=\"40\" data-height-tab=\"40\" data-height-tab-portrait=\"40\" data-height-mobile-landscape=\"40\" style=\"clear:both;display:block;\"><\/div><a href=\"https:\/\/dalmacija-klima.com\/wp-content\/uploads\/2025\/03\/watertower-RU.pdf\" class=\"btn-shortcode dt-btn-s dt-btn default-btn-color default-btn-hover-color default-btn-bg-color default-btn-bg-hover-color\" id=\"dt-btn-1\"><i class=\"fa icon-info-circled\"><\/i><span>\u041f\u0440\u0438\u043c\u0435\u0440 1 &#8212; \u0421\u043b\u043e\u0436\u043d\u0430\u044f \u0441\u0438\u0441\u0442\u0435\u043c\u0430 \u043e\u0442\u043e\u043f\u043b\u0435\u043d\u0438\u044f \u0438 \u043a\u043e\u043d\u0434\u0438\u0446\u0438\u043e\u043d\u0438\u0440\u043e\u0432\u0430\u043d\u0438\u044f \u0432\u043e\u0437\u0434\u0443\u0445\u0430, \u0438\u043d\u0442\u0435\u0433\u0440\u0438\u0440\u043e\u0432\u0430\u043d\u043d\u0430\u044f \u0441 \u043f\u0440\u043e\u0446\u0435\u0441\u0441\u043d\u044b\u043c \u043e\u0445\u043b\u0430\u0436\u0434\u0435\u043d\u0438\u0435\u043c (.PDF)<\/span><\/a><div class=\"ult-spacer spacer-69ee467eda9ae\" data-id=\"69ee467eda9ae\" data-height=\"10\" data-height-mobile=\"10\" data-height-tab=\"10\" data-height-tab-portrait=\"10\" data-height-mobile-landscape=\"10\" style=\"clear:both;display:block;\"><\/div><a href=\"https:\/\/dalmacija-klima.com\/wp-content\/uploads\/2025\/03\/increase-cooling-capacity-RU-RU.pdf\" class=\"btn-shortcode dt-btn-s dt-btn default-btn-color default-btn-hover-color default-btn-bg-color default-btn-bg-hover-color\" id=\"dt-btn-2\"><i class=\"fa icon-info-circled\"><\/i><span>\u041f\u0440\u0438\u043c\u0435\u0440 2 &#8212; \u0443\u0432\u0435\u043b\u0438\u0447\u0435\u043d\u0438\u0435 \u043e\u0445\u043b\u0430\u0436\u0434\u0430\u044e\u0449\u0435\u0433\u043e \u044d\u0444\u0444\u0435\u043a\u0442\u0430 (.PDF)<\/span><\/a><div class=\"ult-spacer spacer-69ee467eda9ee\" data-id=\"69ee467eda9ee\" data-height=\"10\" data-height-mobile=\"10\" data-height-tab=\"10\" data-height-tab-portrait=\"10\" data-height-mobile-landscape=\"10\" style=\"clear:both;display:block;\"><\/div><a href=\"https:\/\/dalmacija-klima.com\/wp-content\/uploads\/2025\/03\/waste-heat-recovery-RU.pdf\" class=\"btn-shortcode dt-btn-s dt-btn default-btn-color default-btn-hover-color default-btn-bg-color default-btn-bg-hover-color\" id=\"dt-btn-3\"><i class=\"fa icon-info-circled\"><\/i><span>\u041f\u0440\u0438\u043c\u0435\u0440 3 &#8212; \u0418\u0441\u043f\u043e\u043b\u044c\u0437\u043e\u0432\u0430\u043d\u0438\u0435 \u043e\u0442\u0445\u043e\u0434\u043e\u0432 \u0442\u0435\u043f\u043b\u0430 (.PDF)<\/span><\/a>[\/vc_column][\/vc_row]<\/p>\n<\/div>","protected":false},"excerpt":{"rendered":"<p>[vc_row margin_top=&#187;0&#8243; margin_bottom=&#187;0&#8243; padding_left=&#187;0&#8243; padding_right=&#187;0&#8243; animation=&#187;&#187; type=&#187;&#187; bg_color=&#187;&#187; bg_position=&#187;top&#187; bg_repeat=&#187;no-repeat&#187; bg_cover=&#187;false&#187; bg_attachment=&#187;false&#187; padding_top=&#187;0&#8243; padding_bottom=&#187;0&#8243; enable_parallax=&#187;&#187; parallax_speed=&#187;0.1&#8243; bg_video_src_mp4=&#187;&#187; bg_video_src_ogv=&#187;&#187; bg_video_src_webm=&#187;&#187;][vc_column animation=&#187;&#187;][vc_column_text]\u0423\u0441\u043b\u0443\u0433\u0438 \u0434\u043b\u044f \u043f\u0440\u043e\u043c\u044b\u0448\u043b\u0435\u043d\u043d\u044b\u0445 \u043f\u0440\u0435\u0434\u043f\u0440\u0438\u044f\u0442\u0438\u0439 (\u043d\u0435\u0444\u0442\u0435\u0445\u0438\u043c\u0438\u0447\u0435\u0441\u043a\u0438\u0435 \u0437\u0430\u0432\u043e\u0434\u044b, \u0441\u0430\u0445\u0430\u0440\u043d\u044b\u0435 \u0437\u0430\u0432\u043e\u0434\u044b, \u0446\u0435\u043c\u0435\u043d\u0442\u043d\u044b\u0435 \u0437\u0430\u0432\u043e\u0434\u044b, \u043c\u0435\u0442\u0430\u043b\u043b\u0443\u0440\u0433\u0438\u0447\u0435\u0441\u043a\u0438\u0435 \u0437\u0430\u0432\u043e\u0434\u044b, \u0438 \u043f\u043e\u0434\u043e\u0431\u043d\u044b\u0435.) \u0414\u043b\u044f \u043a\u043b\u0438\u0435\u043d\u0442\u043e\u0432 \u0438\u0437 \u043f\u0435\u0440\u0435\u0440\u0430\u0431\u0430\u0442\u044b\u0432\u0430\u044e\u0449\u0435\u0439 \u043f\u0440\u043e\u043c\u044b\u0448\u043b\u0435\u043d\u043d\u043e\u0441\u0442\u0438 \u0434\u0435\u043b\u0430\u0435\u043c: \u0410\u043d\u0430\u043b\u0438\u0437 \u043d\u0435\u0434\u043e\u0441\u0442\u0430\u0442\u043a\u043e\u0432 (\u00abgap analysis\u00bb) \u044d\u043d\u0435\u0440\u0433\u043e\u044d\u0444\u0444\u0435\u043a\u0442\u0438\u0432\u043d\u043e\u0441\u0442\u0438 , \u043c\u043e\u0434\u0435\u043b\u0438\u0440\u043e\u0432\u0430\u043d\u0438\u0435 \u0441\u0438\u0441\u0442\u0435\u043c\u044b \u0432\u043e\u0434\u044f\u043d\u043e\u0439 \u043f\u0430\u0440 \u0438 \u0442\u0435\u043f\u043b\u043e , \u043f\u043e\u0434\u0440\u043e\u0431\u043d\u044b\u0439 \u043e\u0441\u043c\u043e\u0442\u0440 \u043f\u0440\u043e\u0446\u0435\u0441\u0441\u043e\u0432&hellip;<\/p>\n","protected":false},"author":1,"featured_media":0,"parent":0,"menu_order":0,"comment_status":"closed","ping_status":"open","template":"","meta":{"footnotes":""},"_links":{"self":[{"href":"https:\/\/dalmacija-klima.com\/ru\/wp-json\/wp\/v2\/pages\/261"}],"collection":[{"href":"https:\/\/dalmacija-klima.com\/ru\/wp-json\/wp\/v2\/pages"}],"about":[{"href":"https:\/\/dalmacija-klima.com\/ru\/wp-json\/wp\/v2\/types\/page"}],"author":[{"embeddable":true,"href":"https:\/\/dalmacija-klima.com\/ru\/wp-json\/wp\/v2\/users\/1"}],"replies":[{"embeddable":true,"href":"https:\/\/dalmacija-klima.com\/ru\/wp-json\/wp\/v2\/comments?post=261"}],"version-history":[{"count":14,"href":"https:\/\/dalmacija-klima.com\/ru\/wp-json\/wp\/v2\/pages\/261\/revisions"}],"predecessor-version":[{"id":593,"href":"https:\/\/dalmacija-klima.com\/ru\/wp-json\/wp\/v2\/pages\/261\/revisions\/593"}],"wp:attachment":[{"href":"https:\/\/dalmacija-klima.com\/ru\/wp-json\/wp\/v2\/media?parent=261"}],"curies":[{"name":"wp","href":"https:\/\/api.w.org\/{rel}","templated":true}]}}