{"id":196,"date":"2015-08-12T23:33:22","date_gmt":"2015-08-12T23:33:22","guid":{"rendered":"http:\/\/dalmacija-klima.com\/?page_id=196"},"modified":"2015-08-20T23:37:43","modified_gmt":"2015-08-20T21:37:43","slug":"services","status":"publish","type":"page","link":"https:\/\/dalmacija-klima.com\/en\/services\/","title":{"rendered":"Services"},"content":{"rendered":"<div class=\"wpb-content-wrapper\"><p>[vc_row margin_top=&#8221;0&#8243; margin_bottom=&#8221;0&#8243; full_width=&#8221;&#8221; padding_left=&#8221;0&#8243; padding_right=&#8221;0&#8243; animation=&#8221;&#8221; type=&#8221;&#8221; bg_color=&#8221;&#8221; bg_position=&#8221;top&#8221; bg_repeat=&#8221;no-repeat&#8221; bg_cover=&#8221;false&#8221; bg_attachment=&#8221;false&#8221; padding_top=&#8221;0&#8243; padding_bottom=&#8221;0&#8243; enable_parallax=&#8221;&#8221; parallax_speed=&#8221;0.1&#8243; bg_video_src_mp4=&#8221;&#8221; bg_video_src_ogv=&#8221;&#8221; bg_video_src_webm=&#8221;&#8221; bg_type=&#8221;&#8221; parallax_style=&#8221;&#8221; bg_image_new=&#8221;&#8221; layer_image=&#8221;&#8221; bg_image_repeat=&#8221;&#8221; bg_image_size=&#8221;&#8221; bg_cstm_size=&#8221;&#8221; bg_img_attach=&#8221;&#8221; parallax_sense=&#8221;&#8221; bg_image_posiiton=&#8221;&#8221; animation_direction=&#8221;&#8221; animation_repeat=&#8221;&#8221; video_url=&#8221;&#8221; video_url_2=&#8221;&#8221; u_video_url=&#8221;&#8221; video_opts=&#8221;&#8221; video_poster=&#8221;&#8221; u_start_time=&#8221;&#8221; u_stop_time=&#8221;&#8221; viewport_vdo=&#8221;&#8221; enable_controls=&#8221;&#8221; bg_override=&#8221;&#8221; disable_on_mobile_img_parallax=&#8221;&#8221; parallax_content=&#8221;&#8221; parallax_content_sense=&#8221;&#8221; fadeout_row=&#8221;&#8221; fadeout_start_effect=&#8221;&#8221; enable_overlay=&#8221;&#8221; overlay_color=&#8221;&#8221; overlay_pattern=&#8221;&#8221; overlay_pattern_opacity=&#8221;&#8221; overlay_pattern_size=&#8221;&#8221; overlay_pattern_attachment=&#8221;&#8221; multi_color_overlay=&#8221;&#8221; multi_color_overlay_opacity=&#8221;&#8221; seperator_enable=&#8221;&#8221; seperator_type=&#8221;&#8221; seperator_position=&#8221;&#8221; seperator_shape_size=&#8221;&#8221; seperator_svg_height=&#8221;&#8221; seperator_shape_background=&#8221;&#8221; seperator_shape_border=&#8221;&#8221; seperator_shape_border_color=&#8221;&#8221; seperator_shape_border_width=&#8221;&#8221; icon_type=&#8221;&#8221; icon=&#8221;&#8221; icon_size=&#8221;&#8221; icon_color=&#8221;&#8221; icon_style=&#8221;&#8221; icon_color_bg=&#8221;&#8221; icon_border_style=&#8221;&#8221; icon_color_border=&#8221;&#8221; icon_border_size=&#8221;&#8221; icon_border_radius=&#8221;&#8221; icon_border_spacing=&#8221;&#8221; icon_img=&#8221;&#8221; img_width=&#8221;&#8221; ult_hide_row=&#8221;&#8221; ult_hide_row_large_screen=&#8221;&#8221; ult_hide_row_desktop=&#8221;&#8221; ult_hide_row_tablet=&#8221;&#8221; ult_hide_row_tablet_small=&#8221;&#8221; ult_hide_row_mobile=&#8221;&#8221; ult_hide_row_mobile_large=&#8221;&#8221;][vc_column width=&#8221;1\/1&#8243; animation=&#8221;&#8221;][vc_column_text]<strong>Services for process industrial plants (petrochemical plants, sugar refineries, cement factories, steelworks, etc<\/strong>.)<br \/>\nFor customers in process industry plants we perform:<\/p>\n<ul>\n<li>\u02ddgap analysis\u02dd of energy efficiency,<\/li>\n<li>modeling of the systems steam &amp; heat energy,<\/li>\n<li>detailed view of the production process in order to discover the possibilities of savings,<\/li>\n<li>development and confirmation of design solutions with responsible plant personnel,<\/li>\n<li>development of design solutions based on the recommended solutions,<\/li>\n<li>calculation of costs, savings and amortization time,<\/li>\n<li>creation of dynamic plan for project realization,<\/li>\n<li>development of \u02ddgap analysis\u02dd projects.<\/li>\n<\/ul>\n<p>Besides that, we offer a variety of transfer solutions and solutions for usage of process media on your request.[\/vc_column_text][\/vc_column][\/vc_row][vc_row margin_top=&#8221;0&#8243; margin_bottom=&#8221;0&#8243; full_width=&#8221;&#8221; padding_left=&#8221;0&#8243; padding_right=&#8221;0&#8243; animation=&#8221;&#8221; type=&#8221;&#8221; bg_color=&#8221;&#8221; bg_position=&#8221;top&#8221; bg_repeat=&#8221;no-repeat&#8221; bg_cover=&#8221;false&#8221; bg_attachment=&#8221;false&#8221; padding_top=&#8221;0&#8243; padding_bottom=&#8221;0&#8243; enable_parallax=&#8221;&#8221; parallax_speed=&#8221;0.1&#8243; bg_video_src_mp4=&#8221;&#8221; bg_video_src_ogv=&#8221;&#8221; bg_video_src_webm=&#8221;&#8221; bg_type=&#8221;&#8221; parallax_style=&#8221;&#8221; bg_image_new=&#8221;&#8221; layer_image=&#8221;&#8221; bg_image_repeat=&#8221;&#8221; bg_image_size=&#8221;&#8221; bg_cstm_size=&#8221;&#8221; bg_img_attach=&#8221;&#8221; parallax_sense=&#8221;&#8221; bg_image_posiiton=&#8221;&#8221; animation_direction=&#8221;&#8221; animation_repeat=&#8221;&#8221; video_url=&#8221;&#8221; video_url_2=&#8221;&#8221; u_video_url=&#8221;&#8221; video_opts=&#8221;&#8221; video_poster=&#8221;&#8221; u_start_time=&#8221;&#8221; u_stop_time=&#8221;&#8221; viewport_vdo=&#8221;&#8221; enable_controls=&#8221;&#8221; bg_override=&#8221;&#8221; disable_on_mobile_img_parallax=&#8221;&#8221; parallax_content=&#8221;&#8221; parallax_content_sense=&#8221;&#8221; fadeout_row=&#8221;&#8221; fadeout_start_effect=&#8221;&#8221; enable_overlay=&#8221;&#8221; overlay_color=&#8221;&#8221; overlay_pattern=&#8221;&#8221; overlay_pattern_opacity=&#8221;&#8221; overlay_pattern_size=&#8221;&#8221; overlay_pattern_attachment=&#8221;&#8221; multi_color_overlay=&#8221;&#8221; multi_color_overlay_opacity=&#8221;&#8221; seperator_enable=&#8221;&#8221; seperator_type=&#8221;&#8221; seperator_position=&#8221;&#8221; seperator_shape_size=&#8221;&#8221; seperator_svg_height=&#8221;&#8221; seperator_shape_background=&#8221;&#8221; seperator_shape_border=&#8221;&#8221; seperator_shape_border_color=&#8221;&#8221; seperator_shape_border_width=&#8221;&#8221; icon_type=&#8221;&#8221; icon=&#8221;&#8221; icon_size=&#8221;&#8221; icon_color=&#8221;&#8221; icon_style=&#8221;&#8221; icon_color_bg=&#8221;&#8221; icon_border_style=&#8221;&#8221; icon_color_border=&#8221;&#8221; icon_border_size=&#8221;&#8221; icon_border_radius=&#8221;&#8221; icon_border_spacing=&#8221;&#8221; icon_img=&#8221;&#8221; img_width=&#8221;&#8221; ult_hide_row=&#8221;&#8221; ult_hide_row_large_screen=&#8221;&#8221; ult_hide_row_desktop=&#8221;&#8221; ult_hide_row_tablet=&#8221;&#8221; ult_hide_row_tablet_small=&#8221;&#8221; ult_hide_row_mobile=&#8221;&#8221; ult_hide_row_mobile_large=&#8221;&#8221;][vc_column width=&#8221;1\/1&#8243; animation=&#8221;&#8221;]<div class=\"ult-spacer spacer-69dddfff287a3\" data-id=\"69dddfff287a3\" data-height=\"40\" data-height-mobile=\"40\" data-height-tab=\"40\" data-height-tab-portrait=\"40\" data-height-mobile-landscape=\"40\" style=\"clear:both;display:block;\"><\/div>[\/vc_column][\/vc_row][vc_row margin_top=&#8221;0&#8243; margin_bottom=&#8221;0&#8243; full_width=&#8221;&#8221; padding_left=&#8221;0&#8243; padding_right=&#8221;0&#8243; animation=&#8221;&#8221; type=&#8221;&#8221; bg_color=&#8221;&#8221; bg_position=&#8221;top&#8221; bg_repeat=&#8221;no-repeat&#8221; bg_cover=&#8221;false&#8221; bg_attachment=&#8221;false&#8221; padding_top=&#8221;0&#8243; padding_bottom=&#8221;0&#8243; enable_parallax=&#8221;&#8221; parallax_speed=&#8221;0.1&#8243; bg_video_src_mp4=&#8221;&#8221; bg_video_src_ogv=&#8221;&#8221; bg_video_src_webm=&#8221;&#8221; bg_type=&#8221;&#8221; parallax_style=&#8221;&#8221; bg_image_new=&#8221;&#8221; layer_image=&#8221;&#8221; bg_image_repeat=&#8221;&#8221; bg_image_size=&#8221;&#8221; bg_cstm_size=&#8221;&#8221; bg_img_attach=&#8221;&#8221; parallax_sense=&#8221;&#8221; bg_image_posiiton=&#8221;&#8221; animation_direction=&#8221;&#8221; animation_repeat=&#8221;&#8221; video_url=&#8221;&#8221; video_url_2=&#8221;&#8221; u_video_url=&#8221;&#8221; video_opts=&#8221;&#8221; video_poster=&#8221;&#8221; u_start_time=&#8221;&#8221; u_stop_time=&#8221;&#8221; viewport_vdo=&#8221;&#8221; enable_controls=&#8221;&#8221; bg_override=&#8221;&#8221; disable_on_mobile_img_parallax=&#8221;&#8221; parallax_content=&#8221;&#8221; parallax_content_sense=&#8221;&#8221; fadeout_row=&#8221;&#8221; fadeout_start_effect=&#8221;&#8221; enable_overlay=&#8221;&#8221; overlay_color=&#8221;&#8221; overlay_pattern=&#8221;&#8221; overlay_pattern_opacity=&#8221;&#8221; overlay_pattern_size=&#8221;&#8221; overlay_pattern_attachment=&#8221;&#8221; multi_color_overlay=&#8221;&#8221; multi_color_overlay_opacity=&#8221;&#8221; seperator_enable=&#8221;&#8221; seperator_type=&#8221;&#8221; seperator_position=&#8221;&#8221; seperator_shape_size=&#8221;&#8221; seperator_svg_height=&#8221;&#8221; seperator_shape_background=&#8221;&#8221; seperator_shape_border=&#8221;&#8221; seperator_shape_border_color=&#8221;&#8221; seperator_shape_border_width=&#8221;&#8221; icon_type=&#8221;&#8221; icon=&#8221;&#8221; icon_size=&#8221;&#8221; icon_color=&#8221;&#8221; icon_style=&#8221;&#8221; icon_color_bg=&#8221;&#8221; icon_border_style=&#8221;&#8221; icon_color_border=&#8221;&#8221; icon_border_size=&#8221;&#8221; icon_border_radius=&#8221;&#8221; icon_border_spacing=&#8221;&#8221; icon_img=&#8221;&#8221; img_width=&#8221;&#8221; ult_hide_row=&#8221;&#8221; ult_hide_row_large_screen=&#8221;&#8221; ult_hide_row_desktop=&#8221;&#8221; ult_hide_row_tablet=&#8221;&#8221; ult_hide_row_tablet_small=&#8221;&#8221; ult_hide_row_mobile=&#8221;&#8221; ult_hide_row_mobile_large=&#8221;&#8221;][vc_column width=&#8221;1\/1&#8243; animation=&#8221;&#8221;][vc_column_text]<\/p>\n<h3>Partners:<\/h3>\n<p>\u02ddAerzen Adria\u02dd d.o.o.,<br \/>\n\u02ddAlstom Hrvatska\u02dd d.d.,<br \/>\n\u02dd\u0110uro \u0110akovi\u0107 Kotlovi\u02dd d.o.o.,<br \/>\n\u02ddKon\u010dar generatori i motori\u02dd d.d.[\/vc_column_text]<div class=\"ult-spacer spacer-69dddfff287c3\" data-id=\"69dddfff287c3\" data-height=\"40\" data-height-mobile=\"40\" data-height-tab=\"40\" data-height-tab-portrait=\"40\" data-height-mobile-landscape=\"40\" style=\"clear:both;display:block;\"><\/div><a href=\"http:\/\/dalmacija-klima.com\/wp-content\/uploads\/2015\/08\/Example-1-Complex-system-of-central-heating-and-climatization-integrated-with-process-cooling.pdf\" class=\"btn-shortcode dt-btn-s dt-btn default-btn-color default-btn-hover-color default-btn-bg-color default-btn-bg-hover-color\" id=\"dt-btn-1\"><i class=\"fa icon-info-circled\"><\/i><span>Example 1 &#8211; Complex system of central heating and climatization integrated with process cooling (.PDF)<\/span><\/a><div class=\"ult-spacer spacer-69dddfff28867\" data-id=\"69dddfff28867\" data-height=\"10\" data-height-mobile=\"10\" data-height-tab=\"10\" data-height-tab-portrait=\"10\" data-height-mobile-landscape=\"10\" style=\"clear:both;display:block;\"><\/div><a href=\"http:\/\/dalmacija-klima.com\/wp-content\/uploads\/2015\/08\/Example-2-Increase-of-cooling-capacity.pdf\" class=\"btn-shortcode dt-btn-s dt-btn default-btn-color default-btn-hover-color default-btn-bg-color default-btn-bg-hover-color\" id=\"dt-btn-2\"><i class=\"fa icon-info-circled\"><\/i><span>Example 2 &#8211; Increase of cooling capacity (.PDF)<\/span><\/a><div class=\"ult-spacer spacer-69dddfff288aa\" data-id=\"69dddfff288aa\" data-height=\"10\" data-height-mobile=\"10\" data-height-tab=\"10\" data-height-tab-portrait=\"10\" data-height-mobile-landscape=\"10\" style=\"clear:both;display:block;\"><\/div><a href=\"http:\/\/dalmacija-klima.com\/wp-content\/uploads\/2015\/08\/Example-3-Waste-heat-recovery.pdf\" class=\"btn-shortcode dt-btn-s dt-btn default-btn-color default-btn-hover-color default-btn-bg-color default-btn-bg-hover-color\" id=\"dt-btn-3\"><i class=\"fa icon-info-circled\"><\/i><span>Example 3 &#8211; Waste heat recovery (.PDF)<\/span><\/a><div class=\"ult-spacer spacer-69dddfff288e2\" data-id=\"69dddfff288e2\" data-height=\"10\" data-height-mobile=\"10\" data-height-tab=\"10\" data-height-tab-portrait=\"10\" data-height-mobile-landscape=\"10\" style=\"clear:both;display:block;\"><\/div><a href=\"http:\/\/dalmacija-klima.com\/wp-content\/uploads\/2015\/08\/Example-4-Waste-heat-recovery.pdf\" class=\"btn-shortcode dt-btn-s dt-btn default-btn-color default-btn-hover-color default-btn-bg-color default-btn-bg-hover-color\" id=\"dt-btn-4\"><i class=\"fa icon-info-circled\"><\/i><span>Example 4 &#8211; Waste heat recovery (.PDF)<\/span><\/a>[\/vc_column][\/vc_row]<\/p>\n<\/div>","protected":false},"excerpt":{"rendered":"<p>[vc_row margin_top=&#8221;0&#8243; margin_bottom=&#8221;0&#8243; full_width=&#8221;&#8221; padding_left=&#8221;0&#8243; padding_right=&#8221;0&#8243; animation=&#8221;&#8221; type=&#8221;&#8221; bg_color=&#8221;&#8221; bg_position=&#8221;top&#8221; bg_repeat=&#8221;no-repeat&#8221; bg_cover=&#8221;false&#8221; bg_attachment=&#8221;false&#8221; padding_top=&#8221;0&#8243; padding_bottom=&#8221;0&#8243; enable_parallax=&#8221;&#8221; parallax_speed=&#8221;0.1&#8243; bg_video_src_mp4=&#8221;&#8221; bg_video_src_ogv=&#8221;&#8221; bg_video_src_webm=&#8221;&#8221; bg_type=&#8221;&#8221; parallax_style=&#8221;&#8221; bg_image_new=&#8221;&#8221; layer_image=&#8221;&#8221; bg_image_repeat=&#8221;&#8221; bg_image_size=&#8221;&#8221; bg_cstm_size=&#8221;&#8221; bg_img_attach=&#8221;&#8221; parallax_sense=&#8221;&#8221; bg_image_posiiton=&#8221;&#8221; animation_direction=&#8221;&#8221; animation_repeat=&#8221;&#8221; video_url=&#8221;&#8221; video_url_2=&#8221;&#8221; u_video_url=&#8221;&#8221; video_opts=&#8221;&#8221; video_poster=&#8221;&#8221; u_start_time=&#8221;&#8221; u_stop_time=&#8221;&#8221; viewport_vdo=&#8221;&#8221; enable_controls=&#8221;&#8221; bg_override=&#8221;&#8221; disable_on_mobile_img_parallax=&#8221;&#8221; parallax_content=&#8221;&#8221; parallax_content_sense=&#8221;&#8221; fadeout_row=&#8221;&#8221; fadeout_start_effect=&#8221;&#8221; enable_overlay=&#8221;&#8221; overlay_color=&#8221;&#8221; overlay_pattern=&#8221;&#8221; overlay_pattern_opacity=&#8221;&#8221; overlay_pattern_size=&#8221;&#8221; overlay_pattern_attachment=&#8221;&#8221; multi_color_overlay=&#8221;&#8221; multi_color_overlay_opacity=&#8221;&#8221;&hellip;<\/p>\n","protected":false},"author":1,"featured_media":0,"parent":0,"menu_order":0,"comment_status":"closed","ping_status":"open","template":"","meta":{"footnotes":""},"_links":{"self":[{"href":"https:\/\/dalmacija-klima.com\/en\/wp-json\/wp\/v2\/pages\/196"}],"collection":[{"href":"https:\/\/dalmacija-klima.com\/en\/wp-json\/wp\/v2\/pages"}],"about":[{"href":"https:\/\/dalmacija-klima.com\/en\/wp-json\/wp\/v2\/types\/page"}],"author":[{"embeddable":true,"href":"https:\/\/dalmacija-klima.com\/en\/wp-json\/wp\/v2\/users\/1"}],"replies":[{"embeddable":true,"href":"https:\/\/dalmacija-klima.com\/en\/wp-json\/wp\/v2\/comments?post=196"}],"version-history":[{"count":9,"href":"https:\/\/dalmacija-klima.com\/en\/wp-json\/wp\/v2\/pages\/196\/revisions"}],"predecessor-version":[{"id":246,"href":"https:\/\/dalmacija-klima.com\/en\/wp-json\/wp\/v2\/pages\/196\/revisions\/246"}],"wp:attachment":[{"href":"https:\/\/dalmacija-klima.com\/en\/wp-json\/wp\/v2\/media?parent=196"}],"curies":[{"name":"wp","href":"https:\/\/api.w.org\/{rel}","templated":true}]}}